{"id":587,"date":"2017-08-29T12:03:37","date_gmt":"2017-08-29T12:03:37","guid":{"rendered":"http:\/\/restaurantejuansimon.com\/?page_id=587"},"modified":"2017-08-29T12:14:05","modified_gmt":"2017-08-29T12:14:05","slug":"precios","status":"publish","type":"page","link":"https:\/\/restaurantejuansimon.com\/?page_id=587","title":{"rendered":"Precios"},"content":{"rendered":"<p>[et_pb_section bb_built=\u00bb1&#8243; admin_label=\u00bbsection\u00bb _builder_version=\u00bb3.0.51&#8243; background_image=\u00bbhttp:\/\/restaurantejuansimon.com\/wp-content\/uploads\/2017\/08\/js4.jpg\u00bb][et_pb_row admin_label=\u00bbrow\u00bb background_color=\u00bbrgba(255,255,255,0.86)\u00bb background_position_1=\u00bbtop_left\u00bb background_position_2=\u00bbtop_left\u00bb background_repeat_1=\u00bbno-repeat\u00bb background_repeat_2=\u00bbno-repeat\u00bb _builder_version=\u00bb3.0.51&#8243; background_size=\u00bbinitial\u00bb background_position=\u00bbtop_left\u00bb background_repeat=\u00bbrepeat\u00bb][et_pb_column type=\u00bb4_4&#8243;][et_pb_text admin_label=\u00bbTexto\u00bb _builder_version=\u00bb3.0.51&#8243; custom_margin=\u00bb|55px||55px\u00bb custom_padding=\u00bb|||\u00bb background_layout=\u00bblight\u00bb text_orientation=\u00bbleft\u00bb border_style=\u00bbsolid\u00bb]<\/p>\n<h3 style=\"text-align: left;\"><\/h3>\n<h3 style=\"text-align: left;\"><span style=\"color: #74a858;\">HOTEL RURAL<\/span><\/h3>\n<p><strong>8 habitaciones (2 individuales y 6 dobles). <\/strong><br \/>\n<strong>Ba\u00f1o completo, televisi\u00f3n y terraza o balc\u00f3n.<\/strong><br \/>\n<strong><span style=\"color: #74a858;\">Precio temporada alta: <\/span><\/strong><br \/>\nDel 1 de julio al 30 de septiembre.<br \/>\n<strong>Habitaci\u00f3n individual:<\/strong> 35,31 \u20ac (IVA incluido)<br \/>\n<strong>Habitaci\u00f3n doble:<\/strong> 53,50 \u20ac (IVA incluido)<br \/>\n<strong><span style=\"color: #74a858;\">Precio temporada baja:<\/span><\/strong><br \/>\nDel 1 de octubre al 30 de junio.<br \/>\n<strong>Habitaci\u00f3n individual:<\/strong> 33,17 \u20ac (IVA incluido)<br \/>\n<strong>Habitaci\u00f3n doble:<\/strong> 50,29 \u20ac (IVA incluido)<\/p>\n<h3><span style=\"color: #74a858;\">RESTAURANTE<\/span><\/h3>\n<p style=\"text-align: left;\"><strong>Capacidad: 80 personas.<\/strong><br \/>\nEn un ambiente que conserva el sabor r\u00fastico de anta\u00f1o y presidido por una gran chimenea abierta.<br \/>\n<strong>Precio medio:<\/strong> 30 &#8211; 35 \u20ac<br \/>\n<strong>Tarjetas aceptadas:<\/strong> Visa, Mastercard, Red 6000.<br \/>\n<strong>Horario de comedor:<\/strong> de 13,30 a 15,30 y de 20,30 a 23 horas.<br \/>\n<strong>Descanso semanal:<\/strong> En verano, los mi\u00e9rcoles. En invierno se cierra por las noches excepto s\u00e1bados.<\/p>\n<p><img loading=\"lazy\" decoding=\"async\" class=\"alignnone wp-image-318 alignleft\" src=\"http:\/\/restaurantejuansimon.com\/wp-content\/uploads\/2017\/06\/faviconjstrans2-300x217.png\" alt=\"\" width=\"142\" height=\"103\" srcset=\"https:\/\/restaurantejuansimon.com\/wp-content\/uploads\/2017\/06\/faviconjstrans2-300x217.png 300w, https:\/\/restaurantejuansimon.com\/wp-content\/uploads\/2017\/06\/faviconjstrans2.png 500w\" sizes=\"(max-width: 142px) 100vw, 142px\" \/><\/p>\n<p>[\/et_pb_text][\/et_pb_column][\/et_pb_row][\/et_pb_section]<\/p>\n","protected":false},"excerpt":{"rendered":"<p>HOTEL RURAL 8 habitaciones (2 individuales y 6 dobles). Ba\u00f1o completo, televisi\u00f3n y terraza o balc\u00f3n. Precio temporada alta: Del 1 de julio al 30 de septiembre. Habitaci\u00f3n individual: 35,31 \u20ac (IVA incluido) Habitaci\u00f3n doble: 53,50 \u20ac (IVA incluido) Precio temporada baja: Del 1 de octubre al 30 de junio. Habitaci\u00f3n individual: 33,17 \u20ac (IVA [&hellip;]<\/p>\n","protected":false},"author":1,"featured_media":0,"parent":0,"menu_order":60,"comment_status":"closed","ping_status":"closed","template":"","meta":{"_et_pb_use_builder":"on","_et_pb_old_content":"","_et_gb_content_width":"","footnotes":""},"_links":{"self":[{"href":"https:\/\/restaurantejuansimon.com\/index.php?rest_route=\/wp\/v2\/pages\/587"}],"collection":[{"href":"https:\/\/restaurantejuansimon.com\/index.php?rest_route=\/wp\/v2\/pages"}],"about":[{"href":"https:\/\/restaurantejuansimon.com\/index.php?rest_route=\/wp\/v2\/types\/page"}],"author":[{"embeddable":true,"href":"https:\/\/restaurantejuansimon.com\/index.php?rest_route=\/wp\/v2\/users\/1"}],"replies":[{"embeddable":true,"href":"https:\/\/restaurantejuansimon.com\/index.php?rest_route=%2Fwp%2Fv2%2Fcomments&post=587"}],"version-history":[{"count":10,"href":"https:\/\/restaurantejuansimon.com\/index.php?rest_route=\/wp\/v2\/pages\/587\/revisions"}],"predecessor-version":[{"id":599,"href":"https:\/\/restaurantejuansimon.com\/index.php?rest_route=\/wp\/v2\/pages\/587\/revisions\/599"}],"wp:attachment":[{"href":"https:\/\/restaurantejuansimon.com\/index.php?rest_route=%2Fwp%2Fv2%2Fmedia&parent=587"}],"curies":[{"name":"wp","href":"https:\/\/api.w.org\/{rel}","templated":true}]}}