{"id":575,"date":"2017-08-29T11:07:39","date_gmt":"2017-08-29T11:07:39","guid":{"rendered":"http:\/\/restaurantejuansimon.com\/?page_id=575"},"modified":"2017-08-29T16:53:55","modified_gmt":"2017-08-29T16:53:55","slug":"buenos-alimentos","status":"publish","type":"page","link":"https:\/\/restaurantejuansimon.com\/?page_id=575","title":{"rendered":"Buenos alimentos"},"content":{"rendered":"<p>[et_pb_section bb_built=\u00bb1&#8243; admin_label=\u00bbsection\u00bb _builder_version=\u00bb3.0.51&#8243; background_image=\u00bbhttp:\/\/restaurantejuansimon.com\/wp-content\/uploads\/2017\/08\/js1001.jpg\u00bb][et_pb_row admin_label=\u00bbrow\u00bb background_color=\u00bbrgba(255,255,255,0.86)\u00bb background_position_1=\u00bbtop_left\u00bb background_position_2=\u00bbtop_left\u00bb background_repeat_1=\u00bbno-repeat\u00bb background_repeat_2=\u00bbno-repeat\u00bb _builder_version=\u00bb3.0.51&#8243; background_size=\u00bbinitial\u00bb background_position=\u00bbtop_left\u00bb background_repeat=\u00bbrepeat\u00bb][et_pb_column type=\u00bb4_4&#8243;][et_pb_text admin_label=\u00bbTexto\u00bb _builder_version=\u00bb3.0.51&#8243; custom_margin=\u00bb|55px||55px\u00bb custom_padding=\u00bb|||\u00bb background_layout=\u00bblight\u00bb text_orientation=\u00bbleft\u00bb border_style=\u00bbsolid\u00bb]<\/p>\n<h3 style=\"text-align: center;\"><\/h3>\n<h3 style=\"text-align: center;\"><span style=\"color: #74a858;\">Materia prima fresca y elaboraci\u00f3n diaria<\/span><\/h3>\n<p class=\"paragraph_style_2\" style=\"text-align: center;\">La<strong><span class=\"style_4\"> cocina tradicional <\/span><\/strong>marca nuesto estilo y avala la satisfacci\u00f3n de nuestros clientes.<\/p>\n<p class=\"paragraph_style_2\" style=\"text-align: center;\">Nuestras elaboraciones gozan de la <strong>frescura<\/strong> en la materia prima y la <strong>calidad<\/strong> en la elaboraci\u00f3n diaria. Entre nuestras especialidades;<strong><span class=\"style_4\"> verduras <\/span>frescas<\/strong> <strong>o pochas en temporada, alubias rojas o fritos. <span class=\"style_4\">Carnes <\/span>como rabo de ternera o caza en temporada (paloma), <span class=\"style_4\">pescados <\/span>como merluza a la kosquera o ajoarriero y\u00a0 <span class=\"style_4\">postres <\/span>como sorbete de cuajada, cuajada, brazo de gitano o canutillos de crema.<\/strong><\/p>\n<p><img loading=\"lazy\" decoding=\"async\" class=\"alignnone wp-image-318 aligncenter\" src=\"http:\/\/restaurantejuansimon.com\/wp-content\/uploads\/2017\/06\/faviconjstrans2-300x217.png\" alt=\"\" width=\"142\" height=\"103\" srcset=\"https:\/\/restaurantejuansimon.com\/wp-content\/uploads\/2017\/06\/faviconjstrans2-300x217.png 300w, https:\/\/restaurantejuansimon.com\/wp-content\/uploads\/2017\/06\/faviconjstrans2.png 500w\" sizes=\"(max-width: 142px) 100vw, 142px\" \/><\/p>\n<p>[\/et_pb_text][\/et_pb_column][\/et_pb_row][\/et_pb_section]<\/p>\n","protected":false},"excerpt":{"rendered":"<p>Materia prima fresca y elaboraci\u00f3n diaria La cocina tradicional marca nuesto estilo y avala la satisfacci\u00f3n de nuestros clientes. Nuestras elaboraciones gozan de la frescura en la materia prima y la calidad en la elaboraci\u00f3n diaria. Entre nuestras especialidades; verduras frescas o pochas en temporada, alubias rojas o fritos. Carnes como rabo de ternera o [&hellip;]<\/p>\n","protected":false},"author":1,"featured_media":0,"parent":0,"menu_order":40,"comment_status":"closed","ping_status":"closed","template":"","meta":{"_et_pb_use_builder":"on","_et_pb_old_content":"","_et_gb_content_width":"","footnotes":""},"_links":{"self":[{"href":"https:\/\/restaurantejuansimon.com\/index.php?rest_route=\/wp\/v2\/pages\/575"}],"collection":[{"href":"https:\/\/restaurantejuansimon.com\/index.php?rest_route=\/wp\/v2\/pages"}],"about":[{"href":"https:\/\/restaurantejuansimon.com\/index.php?rest_route=\/wp\/v2\/types\/page"}],"author":[{"embeddable":true,"href":"https:\/\/restaurantejuansimon.com\/index.php?rest_route=\/wp\/v2\/users\/1"}],"replies":[{"embeddable":true,"href":"https:\/\/restaurantejuansimon.com\/index.php?rest_route=%2Fwp%2Fv2%2Fcomments&post=575"}],"version-history":[{"count":4,"href":"https:\/\/restaurantejuansimon.com\/index.php?rest_route=\/wp\/v2\/pages\/575\/revisions"}],"predecessor-version":[{"id":642,"href":"https:\/\/restaurantejuansimon.com\/index.php?rest_route=\/wp\/v2\/pages\/575\/revisions\/642"}],"wp:attachment":[{"href":"https:\/\/restaurantejuansimon.com\/index.php?rest_route=%2Fwp%2Fv2%2Fmedia&parent=575"}],"curies":[{"name":"wp","href":"https:\/\/api.w.org\/{rel}","templated":true}]}}