{"id":561,"date":"2017-08-29T10:34:57","date_gmt":"2017-08-29T10:34:57","guid":{"rendered":"http:\/\/restaurantejuansimon.com\/?page_id=561"},"modified":"2017-08-29T11:39:46","modified_gmt":"2017-08-29T11:39:46","slug":"hospitalidad","status":"publish","type":"page","link":"https:\/\/restaurantejuansimon.com\/?page_id=561","title":{"rendered":"Hospitalidad"},"content":{"rendered":"<p>[et_pb_section bb_built=\u00bb1&#8243; admin_label=\u00bbsection\u00bb _builder_version=\u00bb3.0.51&#8243; background_image=\u00bbhttp:\/\/restaurantejuansimon.com\/wp-content\/uploads\/2017\/08\/Vol_034_AJ110.jpg\u00bb][et_pb_row admin_label=\u00bbrow\u00bb background_color=\u00bbrgba(255,255,255,0.86)\u00bb background_position_1=\u00bbtop_left\u00bb background_position_2=\u00bbtop_left\u00bb background_repeat_1=\u00bbno-repeat\u00bb background_repeat_2=\u00bbno-repeat\u00bb _builder_version=\u00bb3.0.51&#8243; background_size=\u00bbinitial\u00bb background_position=\u00bbtop_left\u00bb background_repeat=\u00bbrepeat\u00bb][et_pb_column type=\u00bb4_4&#8243;][et_pb_text admin_label=\u00bbTexto\u00bb _builder_version=\u00bb3.0.51&#8243; custom_margin=\u00bb|55px||55px\u00bb custom_padding=\u00bb|||\u00bb background_layout=\u00bblight\u00bb text_orientation=\u00bbleft\u00bb border_style=\u00bbsolid\u00bb]<\/p>\n<h3><\/h3>\n<h3 style=\"text-align: center;\"><span style=\"color: #74a858;\">El sabor r\u00fastico de anta\u00f1o&#8230;<\/span><\/h3>\n<p style=\"text-align: center;\">Juan Sim\u00f3n le recibe en un ambiente que conserva el sabor r\u00fastico de anta\u00f1o donde podr\u00e1 disfrutar de un descanso en una de nuestras <strong>8 habitaciones<\/strong> (2 individuales y 6 dobles) con ba\u00f1o completo, televisi\u00f3n y terraza o balc\u00f3n donde poder conectar su reposo con la naturaleza.<br \/>\nNuestro <strong>restaurante<\/strong>, presidido por una gran chimenea abierta, cuenta con una capacidad para <strong>80 personas<\/strong>.<br \/>\nEl trato amable y la cercan\u00eda envolver\u00e1 su estancia en nuestro Hotel &#8211; Restaurante.<\/p>\n<p><img loading=\"lazy\" decoding=\"async\" class=\"alignnone wp-image-318 aligncenter\" src=\"http:\/\/restaurantejuansimon.com\/wp-content\/uploads\/2017\/06\/faviconjstrans2-300x217.png\" alt=\"\" width=\"142\" height=\"103\" srcset=\"https:\/\/restaurantejuansimon.com\/wp-content\/uploads\/2017\/06\/faviconjstrans2-300x217.png 300w, https:\/\/restaurantejuansimon.com\/wp-content\/uploads\/2017\/06\/faviconjstrans2.png 500w\" sizes=\"(max-width: 142px) 100vw, 142px\" \/><\/p>\n<p>[\/et_pb_text][\/et_pb_column][\/et_pb_row][\/et_pb_section]<\/p>\n","protected":false},"excerpt":{"rendered":"<p>El sabor r\u00fastico de anta\u00f1o&#8230; Juan Sim\u00f3n le recibe en un ambiente que conserva el sabor r\u00fastico de anta\u00f1o donde podr\u00e1 disfrutar de un descanso en una de nuestras 8 habitaciones (2 individuales y 6 dobles) con ba\u00f1o completo, televisi\u00f3n y terraza o balc\u00f3n donde poder conectar su reposo con la naturaleza. Nuestro restaurante, presidido [&hellip;]<\/p>\n","protected":false},"author":1,"featured_media":0,"parent":0,"menu_order":30,"comment_status":"closed","ping_status":"closed","template":"","meta":{"_et_pb_use_builder":"on","_et_pb_old_content":"","_et_gb_content_width":"","footnotes":""},"_links":{"self":[{"href":"https:\/\/restaurantejuansimon.com\/index.php?rest_route=\/wp\/v2\/pages\/561"}],"collection":[{"href":"https:\/\/restaurantejuansimon.com\/index.php?rest_route=\/wp\/v2\/pages"}],"about":[{"href":"https:\/\/restaurantejuansimon.com\/index.php?rest_route=\/wp\/v2\/types\/page"}],"author":[{"embeddable":true,"href":"https:\/\/restaurantejuansimon.com\/index.php?rest_route=\/wp\/v2\/users\/1"}],"replies":[{"embeddable":true,"href":"https:\/\/restaurantejuansimon.com\/index.php?rest_route=%2Fwp%2Fv2%2Fcomments&post=561"}],"version-history":[{"count":5,"href":"https:\/\/restaurantejuansimon.com\/index.php?rest_route=\/wp\/v2\/pages\/561\/revisions"}],"predecessor-version":[{"id":567,"href":"https:\/\/restaurantejuansimon.com\/index.php?rest_route=\/wp\/v2\/pages\/561\/revisions\/567"}],"wp:attachment":[{"href":"https:\/\/restaurantejuansimon.com\/index.php?rest_route=%2Fwp%2Fv2%2Fmedia&parent=561"}],"curies":[{"name":"wp","href":"https:\/\/api.w.org\/{rel}","templated":true}]}}