{"id":526,"date":"2017-08-29T09:33:23","date_gmt":"2017-08-29T09:33:23","guid":{"rendered":"http:\/\/restaurantejuansimon.com\/?page_id=526"},"modified":"2017-08-29T17:37:42","modified_gmt":"2017-08-29T17:37:42","slug":"origenes","status":"publish","type":"page","link":"https:\/\/restaurantejuansimon.com\/?page_id=526","title":{"rendered":"Or\u00edgenes"},"content":{"rendered":"<p>[et_pb_section bb_built=\u00bb1&#8243; admin_label=\u00bbsection\u00bb _builder_version=\u00bb3.0.51&#8243; background_image=\u00bbhttp:\/\/restaurantejuansimon.com\/wp-content\/uploads\/2017\/08\/jsepsep.jpg\u00bb][et_pb_row admin_label=\u00bbrow\u00bb background_color=\u00bbrgba(255,255,255,0.86)\u00bb background_position_1=\u00bbtop_left\u00bb background_position_2=\u00bbtop_left\u00bb background_repeat_1=\u00bbno-repeat\u00bb background_repeat_2=\u00bbno-repeat\u00bb _builder_version=\u00bb3.0.51&#8243; background_size=\u00bbinitial\u00bb background_position=\u00bbtop_left\u00bb background_repeat=\u00bbrepeat\u00bb][et_pb_column type=\u00bb4_4&#8243;][et_pb_text admin_label=\u00bbTexto\u00bb _builder_version=\u00bb3.0.51&#8243; custom_margin=\u00bb|55px||55px\u00bb custom_padding=\u00bb|||\u00bb]<\/p>\n<h3><\/h3>\n<h3 style=\"text-align: center;\"><span style=\"color: #74a858;\">Desde hace muchos a\u00f1os&#8230;<\/span><\/h3>\n<p style=\"text-align: center;\">Juan Sim\u00f3n fue fundado a principios del siglo pasado como <strong>Posada de caballer\u00edas<\/strong>, donde se deten\u00edan las galeras que efectuaban el transporte a trav\u00e9s de puerto de Belate.<\/p>\n<p style=\"text-align: center;\">Con los a\u00f1os pas\u00f3 a ser <strong>Hospeder\u00eda de carretera<\/strong> y ya en 1965 (cuando se acometi\u00f3 una primera reforma importante) en el <strong>Hotel &#8211; Restaurante<\/strong> que conocemos en nuestros d\u00edas.<\/p>\n<p style=\"text-align: center;\">En la actualidad, sigue siendo parada de viajeros deseosos de conocer los numerosos atractivos de la zona, o de los peregrinos del camino de Santiago (que siguen el camino Baztan\u00e9s), junto a la calzada romana que discurr\u00eda por la ermita de la Virgen de Belate.<\/p>\n<p><img loading=\"lazy\" decoding=\"async\" class=\"alignnone wp-image-318 aligncenter\" src=\"http:\/\/restaurantejuansimon.com\/wp-content\/uploads\/2017\/06\/faviconjstrans2-300x217.png\" alt=\"\" width=\"142\" height=\"103\" srcset=\"https:\/\/restaurantejuansimon.com\/wp-content\/uploads\/2017\/06\/faviconjstrans2-300x217.png 300w, https:\/\/restaurantejuansimon.com\/wp-content\/uploads\/2017\/06\/faviconjstrans2.png 500w\" sizes=\"(max-width: 142px) 100vw, 142px\" \/><\/p>\n<p>[\/et_pb_text][\/et_pb_column][\/et_pb_row][\/et_pb_section]<\/p>\n","protected":false},"excerpt":{"rendered":"<p>Desde hace muchos a\u00f1os&#8230; Juan Sim\u00f3n fue fundado a principios del siglo pasado como Posada de caballer\u00edas, donde se deten\u00edan las galeras que efectuaban el transporte a trav\u00e9s de puerto de Belate. Con los a\u00f1os pas\u00f3 a ser Hospeder\u00eda de carretera y ya en 1965 (cuando se acometi\u00f3 una primera reforma importante) en el Hotel [&hellip;]<\/p>\n","protected":false},"author":1,"featured_media":0,"parent":0,"menu_order":20,"comment_status":"closed","ping_status":"closed","template":"","meta":{"_et_pb_use_builder":"on","_et_pb_old_content":"","_et_gb_content_width":"","footnotes":""},"_links":{"self":[{"href":"https:\/\/restaurantejuansimon.com\/index.php?rest_route=\/wp\/v2\/pages\/526"}],"collection":[{"href":"https:\/\/restaurantejuansimon.com\/index.php?rest_route=\/wp\/v2\/pages"}],"about":[{"href":"https:\/\/restaurantejuansimon.com\/index.php?rest_route=\/wp\/v2\/types\/page"}],"author":[{"embeddable":true,"href":"https:\/\/restaurantejuansimon.com\/index.php?rest_route=\/wp\/v2\/users\/1"}],"replies":[{"embeddable":true,"href":"https:\/\/restaurantejuansimon.com\/index.php?rest_route=%2Fwp%2Fv2%2Fcomments&post=526"}],"version-history":[{"count":30,"href":"https:\/\/restaurantejuansimon.com\/index.php?rest_route=\/wp\/v2\/pages\/526\/revisions"}],"predecessor-version":[{"id":651,"href":"https:\/\/restaurantejuansimon.com\/index.php?rest_route=\/wp\/v2\/pages\/526\/revisions\/651"}],"wp:attachment":[{"href":"https:\/\/restaurantejuansimon.com\/index.php?rest_route=%2Fwp%2Fv2%2Fmedia&parent=526"}],"curies":[{"name":"wp","href":"https:\/\/api.w.org\/{rel}","templated":true}]}}