{"id":40,"date":"2017-06-05T14:37:05","date_gmt":"2017-06-05T14:37:05","guid":{"rendered":"http:\/\/restaurantejuansimon.com\/?page_id=40"},"modified":"2020-01-24T08:51:21","modified_gmt":"2020-01-24T08:51:21","slug":"inicio","status":"publish","type":"page","link":"https:\/\/restaurantejuansimon.com\/","title":{"rendered":"Home"},"content":{"rendered":"<p>[et_pb_section fb_built=\u00bb1&#8243; inner_shadow=\u00bbon\u00bb _builder_version=\u00bb3.22&#8243; background_image=\u00bbhttp:\/\/restaurantejuansimon.com\/wp-content\/uploads\/2017\/06\/jszzzfondo.jpg\u00bb][et_pb_row _builder_version=\u00bb3.25&#8243; background_size=\u00bbinitial\u00bb background_position=\u00bbtop_left\u00bb background_repeat=\u00bbrepeat\u00bb custom_margin=\u00bb-30px||0px|\u00bb custom_padding=\u00bb|||\u00bb custom_width_px=\u00bb1509px\u00bb][et_pb_column type=\u00bb4_4&#8243; _builder_version=\u00bb3.25&#8243; background_position=\u00bbtop_left\u00bb custom_padding=\u00bb|||\u00bb custom_padding__hover=\u00bb|||\u00bb][et_pb_slider show_image_video_mobile=\u00bbon\u00bb _builder_version=\u00bb4.2.2&#8243; body_text_color=\u00bb#000000&#8243; custom_button=\u00bbon\u00bb button_text_color=\u00bb#71a557&#8243; button_border_color=\u00bb#71a557&#8243; button_icon=\u00bb%%28%%\u00bb button_icon_color=\u00bb#71a557&#8243; button_on_hover=\u00bboff\u00bb custom_padding=\u00bb100px|0px|100px|0px\u00bb custom_padding_tablet=\u00bb|||\u00bb custom_padding_phone=\u00bb|||\u00bb auto=\u00bbon\u00bb auto_speed=\u00bb4500&#8243; box_shadow_style=\u00bbpreset6&#8243; box_shadow_blur=\u00bb10px\u00bb box_shadow_color=\u00bbrgba(0,0,0,0.1)\u00bb top_padding=\u00bb100px\u00bb bottom_padding=\u00bb100px\u00bb remove_inner_shadow=\u00bboff\u00bb hide_content_on_mobile=\u00bboff\u00bb hide_cta_on_mobile=\u00bboff\u00bb show_inner_shadow=\u00bbon\u00bb button_text_size__hover_enabled=\u00bboff\u00bb button_one_text_size__hover_enabled=\u00bboff\u00bb button_two_text_size__hover_enabled=\u00bboff\u00bb button_text_color__hover_enabled=\u00bboff\u00bb button_one_text_color__hover_enabled=\u00bboff\u00bb button_two_text_color__hover_enabled=\u00bboff\u00bb button_border_width__hover_enabled=\u00bboff\u00bb button_one_border_width__hover_enabled=\u00bboff\u00bb button_two_border_width__hover_enabled=\u00bboff\u00bb button_border_color__hover_enabled=\u00bboff\u00bb button_one_border_color__hover_enabled=\u00bboff\u00bb button_two_border_color__hover_enabled=\u00bboff\u00bb button_border_radius__hover_enabled=\u00bboff\u00bb button_one_border_radius__hover_enabled=\u00bboff\u00bb button_two_border_radius__hover_enabled=\u00bboff\u00bb button_letter_spacing__hover_enabled=\u00bboff\u00bb button_one_letter_spacing__hover_enabled=\u00bboff\u00bb button_two_letter_spacing__hover_enabled=\u00bboff\u00bb button_bg_color__hover_enabled=\u00bboff\u00bb button_one_bg_color__hover_enabled=\u00bboff\u00bb button_two_bg_color__hover_enabled=\u00bboff\u00bb][et_pb_slide heading=\u00bbOr\u00edgenes\u00bb button_text=\u00bbM\u00e1s&#8230;\u00bb button_link=\u00bbhttp:\/\/restaurantejuansimon.com\/?page_id=526&#8243; image=\u00bbhttp:\/\/restaurantejuansimon.com\/wp-content\/uploads\/2017\/06\/jsz1.jpg\u00bb use_bg_overlay=\u00bboff\u00bb use_text_overlay=\u00bboff\u00bb _builder_version=\u00bb4.2.2&#8243; header_font=\u00bb||||\u00bb header_text_color=\u00bb#71a557&#8243; header_font_size=\u00bb50&#8243; body_font=\u00bb||||\u00bb body_font_size=\u00bb17&#8243; background_color=\u00bbrgba(255,255,255,0.87)\u00bb custom_button=\u00bbon\u00bb button_font=\u00bb||||\u00bb button_icon_placement=\u00bbright\u00bb button_on_hover=\u00bbon\u00bb background_layout=\u00bblight\u00bb header_font_size_tablet=\u00bb55&#8243; header_font_size_phone=\u00bb55&#8243; body_font_size_tablet=\u00bb19&#8243; body_font_size_phone=\u00bb19&#8243; button_letter_spacing_hover=\u00bb3&#8243; button_letter_spacing_hover_tablet=\u00bb5&#8243; button_letter_spacing_hover_phone=\u00bb5&#8243; button_text_size__hover_enabled=\u00bboff\u00bb button_one_text_size__hover_enabled=\u00bboff\u00bb button_two_text_size__hover_enabled=\u00bboff\u00bb button_text_color__hover_enabled=\u00bboff\u00bb button_one_text_color__hover_enabled=\u00bboff\u00bb button_two_text_color__hover_enabled=\u00bboff\u00bb button_border_width__hover_enabled=\u00bboff\u00bb button_one_border_width__hover_enabled=\u00bboff\u00bb button_two_border_width__hover_enabled=\u00bboff\u00bb button_border_color__hover_enabled=\u00bboff\u00bb button_one_border_color__hover_enabled=\u00bboff\u00bb button_two_border_color__hover_enabled=\u00bboff\u00bb button_border_radius__hover_enabled=\u00bboff\u00bb button_one_border_radius__hover_enabled=\u00bboff\u00bb button_two_border_radius__hover_enabled=\u00bboff\u00bb button_letter_spacing__hover_enabled=\u00bbon\u00bb button_letter_spacing__hover=\u00bb3&#8243; button_one_letter_spacing__hover_enabled=\u00bboff\u00bb button_two_letter_spacing__hover_enabled=\u00bboff\u00bb button_bg_color__hover_enabled=\u00bboff\u00bb button_one_bg_color__hover_enabled=\u00bboff\u00bb button_two_bg_color__hover_enabled=\u00bboff\u00bb]<span style=\"color: #000000;\">Juan Sim\u00f3n comenz\u00f3 siendo\u00a0<strong>Posada de caballer\u00edas,\u00a0<\/strong>donde descansaban y repon\u00edan fuerzas las galeras antes de proseguir hacia Belate.<\/span><br \/>\n[\/et_pb_slide][et_pb_slide heading=\u00bbHospitalidad\u00bb button_text=\u00bbM\u00e1s&#8230;\u00bb button_link=\u00bbhttp:\/\/restaurantejuansimon.com\/?page_id=561&#8243; image=\u00bbhttp:\/\/restaurantejuansimon.com\/wp-content\/uploads\/2017\/06\/jszz4.jpg\u00bb use_bg_overlay=\u00bboff\u00bb use_text_overlay=\u00bboff\u00bb _builder_version=\u00bb4.2.2&#8243; header_font=\u00bb||||\u00bb header_text_color=\u00bb#71a557&#8243; header_font_size=\u00bb46px\u00bb body_font=\u00bb||||\u00bb body_font_size=\u00bb17&#8243; background_color=\u00bbrgba(255,255,255,0.87)\u00bb custom_button=\u00bbon\u00bb button_font=\u00bb||||\u00bb button_icon_placement=\u00bbright\u00bb button_on_hover=\u00bbon\u00bb background_layout=\u00bblight\u00bb header_font_size_tablet=\u00bb55&#8243; header_font_size_phone=\u00bb55&#8243; body_font_size_tablet=\u00bb19&#8243; body_font_size_phone=\u00bb19&#8243; button_letter_spacing_hover=\u00bb3&#8243; button_letter_spacing_hover_tablet=\u00bb3&#8243; button_letter_spacing_hover_phone=\u00bb3&#8243; button_text_size__hover_enabled=\u00bboff\u00bb button_one_text_size__hover_enabled=\u00bboff\u00bb button_two_text_size__hover_enabled=\u00bboff\u00bb button_text_color__hover_enabled=\u00bboff\u00bb button_one_text_color__hover_enabled=\u00bboff\u00bb button_two_text_color__hover_enabled=\u00bboff\u00bb button_border_width__hover_enabled=\u00bboff\u00bb button_one_border_width__hover_enabled=\u00bboff\u00bb button_two_border_width__hover_enabled=\u00bboff\u00bb button_border_color__hover_enabled=\u00bboff\u00bb button_one_border_color__hover_enabled=\u00bboff\u00bb button_two_border_color__hover_enabled=\u00bboff\u00bb button_border_radius__hover_enabled=\u00bboff\u00bb button_one_border_radius__hover_enabled=\u00bboff\u00bb button_two_border_radius__hover_enabled=\u00bboff\u00bb button_letter_spacing__hover_enabled=\u00bbon\u00bb button_letter_spacing__hover=\u00bb3&#8243; button_one_letter_spacing__hover_enabled=\u00bboff\u00bb button_two_letter_spacing__hover_enabled=\u00bboff\u00bb button_bg_color__hover_enabled=\u00bboff\u00bb button_one_bg_color__hover_enabled=\u00bboff\u00bb button_two_bg_color__hover_enabled=\u00bboff\u00bb]Juan Sim\u00f3n conjuga el sabor r\u00fastico y la hospitalidad con los buenos alimentos y el mejor entorno natural.<br \/>\n[\/et_pb_slide][et_pb_slide heading=\u00bbBuenos alimentos\u00bb button_text=\u00bbM\u00e1s&#8230;\u00bb button_link=\u00bbhttp:\/\/restaurantejuansimon.com\/?page_id=575&#8243; image=\u00bbhttp:\/\/restaurantejuansimon.com\/wp-content\/uploads\/2017\/06\/js20.jpg\u00bb use_bg_overlay=\u00bboff\u00bb use_text_overlay=\u00bboff\u00bb _builder_version=\u00bb3.16&#8243; header_font=\u00bb||||\u00bb header_text_color=\u00bb#71a557&#8243; header_font_size=\u00bb50&#8243; body_font=\u00bb||||\u00bb body_font_size=\u00bb17&#8243; background_color=\u00bbrgba(255,255,255,0.87)\u00bb custom_button=\u00bbon\u00bb button_font=\u00bb||||\u00bb button_icon_placement=\u00bbright\u00bb button_on_hover=\u00bbon\u00bb background_layout=\u00bblight\u00bb header_font_size_tablet=\u00bb55&#8243; header_font_size_phone=\u00bb55&#8243; body_font_size_tablet=\u00bb19&#8243; body_font_size_phone=\u00bb19&#8243; button_letter_spacing_hover=\u00bb3&#8243; button_letter_spacing_hover_tablet=\u00bb3&#8243; button_letter_spacing_hover_phone=\u00bb3&#8243; button_text_size__hover_enabled=\u00bboff\u00bb button_one_text_size__hover_enabled=\u00bboff\u00bb button_two_text_size__hover_enabled=\u00bboff\u00bb button_text_color__hover_enabled=\u00bboff\u00bb button_one_text_color__hover_enabled=\u00bboff\u00bb button_two_text_color__hover_enabled=\u00bboff\u00bb button_border_width__hover_enabled=\u00bboff\u00bb button_one_border_width__hover_enabled=\u00bboff\u00bb button_two_border_width__hover_enabled=\u00bboff\u00bb button_border_color__hover_enabled=\u00bboff\u00bb button_one_border_color__hover_enabled=\u00bboff\u00bb button_two_border_color__hover_enabled=\u00bboff\u00bb button_border_radius__hover_enabled=\u00bboff\u00bb button_one_border_radius__hover_enabled=\u00bboff\u00bb button_two_border_radius__hover_enabled=\u00bboff\u00bb button_letter_spacing__hover_enabled=\u00bbon\u00bb button_letter_spacing__hover=\u00bb3&#8243; button_one_letter_spacing__hover_enabled=\u00bboff\u00bb button_two_letter_spacing__hover_enabled=\u00bboff\u00bb button_bg_color__hover_enabled=\u00bboff\u00bb button_one_bg_color__hover_enabled=\u00bboff\u00bb button_two_bg_color__hover_enabled=\u00bboff\u00bb]Trabajamos con la materia prima m\u00e1s fresca y con la calidad que ofrece la elaboraci\u00f3n diaria.<br \/>\n[\/et_pb_slide][\/et_pb_slider][\/et_pb_column][\/et_pb_row][et_pb_row column_structure=\u00bb1_4,1_4,1_4,1_4&#8243; use_custom_gutter=\u00bbon\u00bb gutter_width=\u00bb2&#8243; make_equal=\u00bbon\u00bb _builder_version=\u00bb3.25&#8243; background_size=\u00bbinitial\u00bb background_position=\u00bbtop_left\u00bb background_repeat=\u00bbrepeat\u00bb custom_margin=\u00bb|||\u00bb custom_padding=\u00bb|||\u00bb hover_enabled=\u00bb0&#8243;][et_pb_column type=\u00bb1_4&#8243; _builder_version=\u00bb3.25&#8243; background_position=\u00bbtop_left\u00bb custom_padding=\u00bb|||\u00bb custom_padding__hover=\u00bb|||\u00bb][et_pb_cta url_new_window=\u00bbon\u00bb _builder_version=\u00bb4.2.2&#8243; header_level=\u00bbh5&#8243; header_font=\u00bb|on|||\u00bb header_text_color=\u00bb#71a557&#8243; header_font_size=\u00bb20px\u00bb body_text_color=\u00bb#71a557&#8243; body_font_size=\u00bb16px\u00bb body_line_height=\u00bb1.8em\u00bb background_color=\u00bbrgba(113,165,87,0.78)\u00bb background_layout=\u00bblight\u00bb custom_margin=\u00bb|||\u00bb custom_padding=\u00bb53px||54px|||\u00bb animation_style=\u00bbzoom\u00bb border_width_all=\u00bb4px\u00bb border_color_all=\u00bb#ffffff\u00bb border_style_all=\u00bbdotted\u00bb use_border_color=\u00bbon\u00bb border_width=\u00bb4px\u00bb border_style=\u00bbdotted\u00bb button_text_size__hover_enabled=\u00bboff\u00bb button_one_text_size__hover_enabled=\u00bboff\u00bb button_two_text_size__hover_enabled=\u00bboff\u00bb button_text_color__hover_enabled=\u00bboff\u00bb button_one_text_color__hover_enabled=\u00bboff\u00bb button_two_text_color__hover_enabled=\u00bboff\u00bb button_border_width__hover_enabled=\u00bboff\u00bb button_one_border_width__hover_enabled=\u00bboff\u00bb button_two_border_width__hover_enabled=\u00bboff\u00bb button_border_color__hover_enabled=\u00bboff\u00bb button_one_border_color__hover_enabled=\u00bboff\u00bb button_two_border_color__hover_enabled=\u00bboff\u00bb button_border_radius__hover_enabled=\u00bboff\u00bb button_one_border_radius__hover_enabled=\u00bboff\u00bb button_two_border_radius__hover_enabled=\u00bboff\u00bb button_letter_spacing__hover_enabled=\u00bboff\u00bb button_one_letter_spacing__hover_enabled=\u00bboff\u00bb button_two_letter_spacing__hover_enabled=\u00bboff\u00bb button_bg_color__hover_enabled=\u00bboff\u00bb button_one_bg_color__hover_enabled=\u00bboff\u00bb button_two_bg_color__hover_enabled=\u00bboff\u00bb]<\/p>\n<p style=\"text-align: center;\"><strong><span style=\"color: #ffffff;\">Cerrado por vacaciones del 15 de septiembre a 14 de octubre<\/span><\/strong><\/p>\n<p>[\/et_pb_cta][\/et_pb_column][et_pb_column type=\u00bb1_4&#8243; _builder_version=\u00bb3.25&#8243; background_position=\u00bbtop_left\u00bb custom_padding=\u00bb|||\u00bb custom_padding__hover=\u00bb|||\u00bb][et_pb_cta button_url=\u00bbhttp:\/\/restaurantejuansimon.com\/?page_id=502&#8243; url_new_window=\u00bbon\u00bb button_text=\u00bbGALER\u00cdA\u00bb _builder_version=\u00bb4.2.2&#8243; header_font=\u00bb|on|||\u00bb header_text_color=\u00bb#71a557&#8243; body_text_color=\u00bb#71a557&#8243; background_image=\u00bbhttp:\/\/restaurantejuansimon.com\/wp-content\/uploads\/2017\/06\/jsx.jpg\u00bb background_repeat=\u00bbspace\u00bb custom_button=\u00bbon\u00bb button_text_size=\u00bb22px\u00bb button_text_color=\u00bb#71a557&#8243; button_bg_color=\u00bbrgba(255,255,255,0.82)\u00bb button_border_width=\u00bb0px\u00bb button_border_radius=\u00bb10px\u00bb button_letter_spacing=\u00bb0px\u00bb button_icon=\u00bb%%99%%\u00bb background_layout=\u00bblight\u00bb custom_padding=\u00bb60px||128px|||\u00bb animation_style=\u00bbzoom\u00bb border_width_all=\u00bb5px\u00bb border_color_all=\u00bb#ffffff\u00bb border_style_all=\u00bbsolid\u00bb button_text_color_hover=\u00bb#ffffff\u00bb button_bg_color_hover=\u00bb#71a557&#8243; use_border_color=\u00bbon\u00bb border_width=\u00bb5px\u00bb button_text_size__hover_enabled=\u00bboff\u00bb button_one_text_size__hover_enabled=\u00bboff\u00bb button_two_text_size__hover_enabled=\u00bboff\u00bb button_text_color__hover_enabled=\u00bbon\u00bb button_text_color__hover=\u00bb#ffffff\u00bb button_one_text_color__hover_enabled=\u00bboff\u00bb button_two_text_color__hover_enabled=\u00bboff\u00bb button_border_width__hover_enabled=\u00bboff\u00bb button_one_border_width__hover_enabled=\u00bboff\u00bb button_two_border_width__hover_enabled=\u00bboff\u00bb button_border_color__hover_enabled=\u00bboff\u00bb button_one_border_color__hover_enabled=\u00bboff\u00bb button_two_border_color__hover_enabled=\u00bboff\u00bb button_border_radius__hover_enabled=\u00bboff\u00bb button_one_border_radius__hover_enabled=\u00bboff\u00bb button_two_border_radius__hover_enabled=\u00bboff\u00bb button_letter_spacing__hover_enabled=\u00bboff\u00bb button_one_letter_spacing__hover_enabled=\u00bboff\u00bb button_two_letter_spacing__hover_enabled=\u00bboff\u00bb button_bg_color__hover_enabled=\u00bbon\u00bb button_bg_color__hover=\u00bb#71a557&#8243; button_one_bg_color__hover_enabled=\u00bboff\u00bb button_two_bg_color__hover_enabled=\u00bboff\u00bb][\/et_pb_cta][\/et_pb_column][et_pb_column type=\u00bb1_4&#8243; _builder_version=\u00bb3.25&#8243; background_position=\u00bbtop_left\u00bb custom_padding=\u00bb|||\u00bb custom_padding__hover=\u00bb|||\u00bb][et_pb_cta button_url=\u00bbhttps:\/\/www.guiarepsol.com\/es\/gastronomia\/restaurantes\/12032-juan-simon\/\u00bb url_new_window=\u00bbon\u00bb button_text=\u00bbENTRAR\u00bb _builder_version=\u00bb3.16&#8243; header_font=\u00bb|on|||\u00bb header_text_color=\u00bb#71a557&#8243; body_text_color=\u00bb#71a557&#8243; custom_button=\u00bbon\u00bb button_text_size=\u00bb16px\u00bb button_text_color=\u00bb#71a557&#8243; button_border_width=\u00bb2px\u00bb button_border_radius=\u00bb3px\u00bb button_letter_spacing=\u00bb0px\u00bb button_icon=\u00bb%%28%%\u00bb button_alignment=\u00bbcenter\u00bb background_layout=\u00bblight\u00bb custom_padding=\u00bb30px||49px|||\u00bb animation_style=\u00bbzoom\u00bb border_width_all=\u00bb5px\u00bb border_color_all=\u00bb#71a557&#8243; border_style_all=\u00bbsolid\u00bb button_text_color_hover=\u00bb#ffffff\u00bb button_bg_color_hover=\u00bb#71a557&#8243; use_border_color=\u00bbon\u00bb border_color=\u00bb#71a557&#8243; border_width=\u00bb5px\u00bb button_text_size__hover_enabled=\u00bboff\u00bb button_one_text_size__hover_enabled=\u00bboff\u00bb button_two_text_size__hover_enabled=\u00bboff\u00bb button_text_color__hover_enabled=\u00bbon\u00bb button_text_color__hover=\u00bb#ffffff\u00bb button_one_text_color__hover_enabled=\u00bboff\u00bb button_two_text_color__hover_enabled=\u00bboff\u00bb button_border_width__hover_enabled=\u00bboff\u00bb button_one_border_width__hover_enabled=\u00bboff\u00bb button_two_border_width__hover_enabled=\u00bboff\u00bb button_border_color__hover_enabled=\u00bboff\u00bb button_one_border_color__hover_enabled=\u00bboff\u00bb button_two_border_color__hover_enabled=\u00bboff\u00bb button_border_radius__hover_enabled=\u00bboff\u00bb button_one_border_radius__hover_enabled=\u00bboff\u00bb button_two_border_radius__hover_enabled=\u00bboff\u00bb button_letter_spacing__hover_enabled=\u00bboff\u00bb button_one_letter_spacing__hover_enabled=\u00bboff\u00bb button_two_letter_spacing__hover_enabled=\u00bboff\u00bb button_bg_color__hover_enabled=\u00bbon\u00bb button_bg_color__hover=\u00bb#71a557&#8243; button_one_bg_color__hover_enabled=\u00bboff\u00bb button_two_bg_color__hover_enabled=\u00bboff\u00bb]<\/p>\n<p><img loading=\"lazy\" decoding=\"async\" class=\"alignnone size-full wp-image-469\" src=\"http:\/\/restaurantejuansimon.com\/wp-content\/uploads\/2017\/06\/guiarepsol_logo.png\" alt=\"\" width=\"224\" height=\"144\" style=\"display: block; margin-left: auto; margin-right: auto;\" \/><\/p>\n<p>[\/et_pb_cta][\/et_pb_column][et_pb_column type=\u00bb1_4&#8243; _builder_version=\u00bb3.25&#8243; background_position=\u00bbtop_left\u00bb custom_padding=\u00bb|||\u00bb custom_padding__hover=\u00bb|||\u00bb][et_pb_cta button_url=\u00bbhttp:\/\/restaurantejuansimon.com\/?page_id=602&#8243; url_new_window=\u00bbon\u00bb button_text=\u00bbRESERVAS\u00bb _builder_version=\u00bb3.16&#8243; header_font=\u00bb|on|||\u00bb header_text_color=\u00bb#71a557&#8243; header_font_size=\u00bb26px\u00bb body_text_align=\u00bbcenter\u00bb body_text_color=\u00bb#71a557&#8243; custom_button=\u00bbon\u00bb button_text_size=\u00bb16px\u00bb button_text_color=\u00bb#71a557&#8243; button_border_width=\u00bb2px\u00bb button_border_radius=\u00bb3px\u00bb button_letter_spacing=\u00bb0px\u00bb button_icon=\u00bb%%75%%\u00bb button_alignment=\u00bbcenter\u00bb background_layout=\u00bblight\u00bb custom_padding=\u00bb19px||48px|||\u00bb animation_style=\u00bbzoom\u00bb border_width_all=\u00bb5px\u00bb border_color_all=\u00bb#71a557&#8243; border_style_all=\u00bbsolid\u00bb button_text_color_hover=\u00bb#ffffff\u00bb button_bg_color_hover=\u00bb#71a557&#8243; use_border_color=\u00bbon\u00bb border_color=\u00bb#71a557&#8243; border_width=\u00bb5px\u00bb button_text_size__hover_enabled=\u00bboff\u00bb button_one_text_size__hover_enabled=\u00bboff\u00bb button_two_text_size__hover_enabled=\u00bboff\u00bb button_text_color__hover_enabled=\u00bbon\u00bb button_text_color__hover=\u00bb#ffffff\u00bb button_one_text_color__hover_enabled=\u00bboff\u00bb button_two_text_color__hover_enabled=\u00bboff\u00bb button_border_width__hover_enabled=\u00bboff\u00bb button_one_border_width__hover_enabled=\u00bboff\u00bb button_two_border_width__hover_enabled=\u00bboff\u00bb button_border_color__hover_enabled=\u00bboff\u00bb button_one_border_color__hover_enabled=\u00bboff\u00bb button_two_border_color__hover_enabled=\u00bboff\u00bb button_border_radius__hover_enabled=\u00bboff\u00bb button_one_border_radius__hover_enabled=\u00bboff\u00bb button_two_border_radius__hover_enabled=\u00bboff\u00bb button_letter_spacing__hover_enabled=\u00bboff\u00bb button_one_letter_spacing__hover_enabled=\u00bboff\u00bb button_two_letter_spacing__hover_enabled=\u00bboff\u00bb button_bg_color__hover_enabled=\u00bbon\u00bb button_bg_color__hover=\u00bb#71a557&#8243; button_one_bg_color__hover_enabled=\u00bboff\u00bb button_two_bg_color__hover_enabled=\u00bboff\u00bb]<\/p>\n<p><img loading=\"lazy\" decoding=\"async\" class=\"wp-image-318 aligncenter\" src=\"http:\/\/restaurantejuansimon.com\/wp-content\/uploads\/2017\/06\/faviconjstrans2-300x217.png\" alt=\"\" width=\"341\" height=\"247\" style=\"display: block; margin-left: auto; margin-right: auto;\" srcset=\"https:\/\/restaurantejuansimon.com\/wp-content\/uploads\/2017\/06\/faviconjstrans2-300x217.png 300w, https:\/\/restaurantejuansimon.com\/wp-content\/uploads\/2017\/06\/faviconjstrans2.png 500w\" sizes=\"(max-width: 341px) 100vw, 341px\" \/><\/p>\n<p>[\/et_pb_cta][\/et_pb_column][\/et_pb_row][\/et_pb_section][et_pb_section fb_built=\u00bb1&#8243; fullwidth=\u00bbon\u00bb _builder_version=\u00bb4.2.2&#8243; background_color=\u00bb#ffffff\u00bb][et_pb_fullwidth_code _builder_version=\u00bb4.2.2&#8243; min_height=\u00bb447px\u00bb custom_padding=\u00bb8px||2px|||\u00bb]<iframe loading=\"lazy\" src=\"https:\/\/www.google.com\/maps\/embed?pb=!1m14!1m8!1m3!1d1269.7774266609456!2d-1.6364800520080398!3d43.008936730196034!3m2!1i1024!2i768!4f13.1!3m3!1m2!1s0x0%3A0x7398e07b55a4dabe!2sRestaurante%20Juan%20Sim%C3%B3n!5e1!3m2!1ses!2ses!4v1579853898698!5m2!1ses!2ses\" width=\"100%\" height=\"450\" frameborder=\"0\" style=\"border:0;\" allowfullscreen=\"\"><\/iframe>[\/et_pb_fullwidth_code][\/et_pb_section]<\/p>\n","protected":false},"excerpt":{"rendered":"<p>Juan Sim\u00f3n comenz\u00f3 siendo\u00a0Posada de caballer\u00edas,\u00a0donde descansaban y repon\u00edan fuerzas las galeras antes de proseguir hacia Belate. Juan Sim\u00f3n conjuga el sabor r\u00fastico y la hospitalidad con los buenos alimentos y el mejor entorno natural. Trabajamos con la materia prima m\u00e1s fresca y con la calidad que ofrece la elaboraci\u00f3n diaria. Cerrado por vacaciones del [&hellip;]<\/p>\n","protected":false},"author":1,"featured_media":0,"parent":0,"menu_order":10,"comment_status":"closed","ping_status":"closed","template":"","meta":{"_et_pb_use_builder":"on","_et_pb_old_content":"","_et_gb_content_width":"","footnotes":""},"_links":{"self":[{"href":"https:\/\/restaurantejuansimon.com\/index.php?rest_route=\/wp\/v2\/pages\/40"}],"collection":[{"href":"https:\/\/restaurantejuansimon.com\/index.php?rest_route=\/wp\/v2\/pages"}],"about":[{"href":"https:\/\/restaurantejuansimon.com\/index.php?rest_route=\/wp\/v2\/types\/page"}],"author":[{"embeddable":true,"href":"https:\/\/restaurantejuansimon.com\/index.php?rest_route=\/wp\/v2\/users\/1"}],"replies":[{"embeddable":true,"href":"https:\/\/restaurantejuansimon.com\/index.php?rest_route=%2Fwp%2Fv2%2Fcomments&post=40"}],"version-history":[{"count":254,"href":"https:\/\/restaurantejuansimon.com\/index.php?rest_route=\/wp\/v2\/pages\/40\/revisions"}],"predecessor-version":[{"id":731,"href":"https:\/\/restaurantejuansimon.com\/index.php?rest_route=\/wp\/v2\/pages\/40\/revisions\/731"}],"wp:attachment":[{"href":"https:\/\/restaurantejuansimon.com\/index.php?rest_route=%2Fwp%2Fv2%2Fmedia&parent=40"}],"curies":[{"name":"wp","href":"https:\/\/api.w.org\/{rel}","templated":true}]}}